{"id":64,"date":"2020-12-20T16:34:14","date_gmt":"2020-12-20T16:34:14","guid":{"rendered":"https:\/\/mikkelbom.dk\/?page_id=64"},"modified":"2021-04-05T17:48:48","modified_gmt":"2021-04-05T17:48:48","slug":"podcast","status":"publish","type":"page","link":"https:\/\/mikkelbom.dk\/?page_id=64","title":{"rendered":"Podcast"},"content":{"rendered":"\t\t<div data-elementor-type=\"wp-page\" data-elementor-id=\"64\" class=\"elementor elementor-64\" data-elementor-settings=\"[]\">\n\t\t\t\t\t\t<div class=\"elementor-inner\">\n\t\t\t\t\t\t\t<div class=\"elementor-section-wrap\">\n\t\t\t\t\t\t\t<section class=\"elementor-section elementor-top-section elementor-element elementor-element-03b116d elementor-section-boxed elementor-section-height-default elementor-section-height-default\" data-id=\"03b116d\" data-element_type=\"section\">\n\t\t\t\t\t\t<div class=\"elementor-container elementor-column-gap-default\">\n\t\t\t\t\t\t\t<div class=\"elementor-row\">\n\t\t\t\t\t<div class=\"elementor-column elementor-col-100 elementor-top-column elementor-element elementor-element-c4e7253\" data-id=\"c4e7253\" data-element_type=\"column\">\n\t\t\t<div class=\"elementor-column-wrap elementor-element-populated\">\n\t\t\t\t\t\t\t<div class=\"elementor-widget-wrap\">\n\t\t\t\t\t\t<div class=\"elementor-element elementor-element-b99df8f elementor-widget elementor-widget-heading\" data-id=\"b99df8f\" data-element_type=\"widget\" data-widget_type=\"heading.default\">\n\t\t\t\t<div class=\"elementor-widget-container\">\n\t\t\t<h2 class=\"elementor-heading-title elementor-size-default\">Fors\u00f8get p\u00e5 L\u00e6rkevej - Nu er der seks episoder<\/h2>\t\t<\/div>\n\t\t\t\t<\/div>\n\t\t\t\t\t\t<\/div>\n\t\t\t\t\t<\/div>\n\t\t<\/div>\n\t\t\t\t\t\t\t\t<\/div>\n\t\t\t\t\t<\/div>\n\t\t<\/section>\n\t\t\t\t<section class=\"elementor-section elementor-top-section elementor-element elementor-element-4726192 elementor-section-boxed elementor-section-height-default elementor-section-height-default\" data-id=\"4726192\" data-element_type=\"section\">\n\t\t\t\t\t\t<div class=\"elementor-container elementor-column-gap-default\">\n\t\t\t\t\t\t\t<div class=\"elementor-row\">\n\t\t\t\t\t<div class=\"elementor-column elementor-col-100 elementor-top-column elementor-element elementor-element-621ab9e\" data-id=\"621ab9e\" data-element_type=\"column\">\n\t\t\t<div class=\"elementor-column-wrap elementor-element-populated\">\n\t\t\t\t\t\t\t<div class=\"elementor-widget-wrap\">\n\t\t\t\t\t\t<div class=\"elementor-element elementor-element-31976c2 elementor-widget elementor-widget-text-editor\" data-id=\"31976c2\" data-element_type=\"widget\" data-widget_type=\"text-editor.default\">\n\t\t\t\t<div class=\"elementor-widget-container\">\n\t\t\t\t\t<div class=\"elementor-text-editor elementor-clearfix\"><p>H\u00f8r med her eller find episoderne p\u00e5 Apple Podcast, Spotify eller de fleste g\u00e6ngse podcast-apps. \u00a0<\/p>\n<ol>\n<li>Demonstrationer udenfor<\/li>\n<li>S\u00f8skendeparret<\/li>\n<li>Manden i skoven<\/li>\n<li>Fangevogternes opr\u00f8r<\/li>\n<li>Faglige forvandlinger<\/li>\n<li>Ramt af en ulykke (l\u00e6ngere nede p\u00e5 siden)<\/li>\n<\/ol><\/div>\n\t\t\t\t<\/div>\n\t\t\t\t<\/div>\n\t\t\t\t\t\t<\/div>\n\t\t\t\t\t<\/div>\n\t\t<\/div>\n\t\t\t\t\t\t\t\t<\/div>\n\t\t\t\t\t<\/div>\n\t\t<\/section>\n\t\t\t\t<section class=\"elementor-section elementor-top-section elementor-element elementor-element-5795f06 elementor-section-boxed elementor-section-height-default elementor-section-height-default\" data-id=\"5795f06\" data-element_type=\"section\">\n\t\t\t\t\t\t<div class=\"elementor-container elementor-column-gap-default\">\n\t\t\t\t\t\t\t<div class=\"elementor-row\">\n\t\t\t\t\t<div class=\"elementor-column elementor-col-100 elementor-top-column elementor-element elementor-element-cb675df\" data-id=\"cb675df\" data-element_type=\"column\">\n\t\t\t<div class=\"elementor-column-wrap elementor-element-populated\">\n\t\t\t\t\t\t\t<div class=\"elementor-widget-wrap\">\n\t\t\t\t\t\t<div class=\"elementor-element elementor-element-5aef218 elementor-widget elementor-widget-html\" data-id=\"5aef218\" data-element_type=\"widget\" data-widget_type=\"html.default\">\n\t\t\t\t<div class=\"elementor-widget-container\">\n\t\t\t<a class=\"spreaker-player\" href=\"https:\/\/www.spreaker.com\/episode\/42585924\" data-resource=\"episode_id=42585924\" data-width=\"100%\" data-height=\"200px\" data-theme=\"light\" data-playlist=\"false\" data-playlist-continuous=\"false\" data-autoplay=\"false\" data-live-autoplay=\"false\" data-chapters-image=\"true\" data-episode-image-position=\"right\" data-hide-logo=\"false\" data-hide-likes=\"false\" data-hide-comments=\"false\" data-hide-sharing=\"false\" data-hide-download=\"true\">Listen to \"Fors\u00f8get p\u00e5 L\u00e6rkevej 1. Demonstrationer udenfor\" on Spreaker.<\/a>\n<script async src=\"https:\/\/widget.spreaker.com\/widgets.js\"><\/script>\t\t<\/div>\n\t\t\t\t<\/div>\n\t\t\t\t<div class=\"elementor-element elementor-element-f0a9ca1 elementor-widget elementor-widget-text-editor\" data-id=\"f0a9ca1\" data-element_type=\"widget\" data-widget_type=\"text-editor.default\">\n\t\t\t\t<div class=\"elementor-widget-container\">\n\t\t\t\t\t<div class=\"elementor-text-editor elementor-clearfix\"><p>I sommeren 2017 var der ugentlige demonstrationer foran jobcenteret p\u00e5 L\u00e6rkevej. Sagsbehandlere sad med ansvar for mere end 200 udsatte borgere hver. Uden sammenligning det h\u00f8jeste antal i Danmark. Der blev produceret samtaler p\u00e5 samleb\u00e5nd. 25 min. til hver, n\u00e6rmest ingen tid til forberedelse. Mange borgere fik nok og protesterede. Det bliver startskuddet til Fors\u00f8get p\u00e5 L\u00e6rkevej, hvor sagsbehandlere i en afdeling f\u00e5r s\u00e6nket sagsantallet til 50. Hvad sker der s\u00e5? Hvad kommer der ud af det? Kan sagsbehandlerne finde ud af, hvad de skal bruge tiden til? Kan borgerne m\u00e6rke en forskel? Lyt med til den episode i podcasten Fors\u00f8get p\u00e5 L\u00e6rkevej!<\/p><\/div>\n\t\t\t\t<\/div>\n\t\t\t\t<\/div>\n\t\t\t\t\t\t<\/div>\n\t\t\t\t\t<\/div>\n\t\t<\/div>\n\t\t\t\t\t\t\t\t<\/div>\n\t\t\t\t\t<\/div>\n\t\t<\/section>\n\t\t\t\t<section class=\"elementor-section elementor-top-section elementor-element elementor-element-680be47 elementor-section-boxed elementor-section-height-default elementor-section-height-default\" data-id=\"680be47\" data-element_type=\"section\">\n\t\t\t\t\t\t<div class=\"elementor-container elementor-column-gap-default\">\n\t\t\t\t\t\t\t<div class=\"elementor-row\">\n\t\t\t\t\t<div class=\"elementor-column elementor-col-100 elementor-top-column elementor-element elementor-element-767345d\" data-id=\"767345d\" data-element_type=\"column\">\n\t\t\t<div class=\"elementor-column-wrap elementor-element-populated\">\n\t\t\t\t\t\t\t<div class=\"elementor-widget-wrap\">\n\t\t\t\t\t\t<div class=\"elementor-element elementor-element-6e2302e elementor-widget elementor-widget-html\" data-id=\"6e2302e\" data-element_type=\"widget\" data-widget_type=\"html.default\">\n\t\t\t\t<div class=\"elementor-widget-container\">\n\t\t\t<a class=\"spreaker-player\" href=\"https:\/\/www.spreaker.com\/episode\/42593580\" data-resource=\"episode_id=42593580\" data-width=\"100%\" data-height=\"200px\" data-theme=\"light\" data-playlist=\"false\" data-playlist-continuous=\"false\" data-autoplay=\"false\" data-live-autoplay=\"false\" data-chapters-image=\"true\" data-episode-image-position=\"right\" data-hide-logo=\"false\" data-hide-likes=\"false\" data-hide-comments=\"false\" data-hide-sharing=\"false\" data-hide-download=\"true\">Listen to \"Fors\u00f8get p\u00e5 L\u00e6rkevej 2. S\u00f8skendeparret\" on Spreaker.<\/a>\n<script async src=\"https:\/\/widget.spreaker.com\/widgets.js\"><\/script>\t\t<\/div>\n\t\t\t\t<\/div>\n\t\t\t\t<div class=\"elementor-element elementor-element-5d4e37a elementor-widget elementor-widget-text-editor\" data-id=\"5d4e37a\" data-element_type=\"widget\" data-widget_type=\"text-editor.default\">\n\t\t\t\t<div class=\"elementor-widget-container\">\n\t\t\t\t\t<div class=\"elementor-text-editor elementor-clearfix\"><p>Hvordan er det at samarbejde med borgere gennem brevspr\u00e6kken? Hvad er grunden til, at det er den bedste \u2013 eller i hvert fald den eneste m\u00e5de at samarbejde p\u00e5? Hvem er det menneske, man m\u00f8der gennem spr\u00e6kken? I dette afsnit af podcasten Fors\u00f8get p\u00e5 L\u00e6rkevej f\u00e5r I en vild historie. En historie \u2013 ikke om \u00e9n borger, det er vanskeligt at opbygge et samarbejde med, men om to. Det handler om et s\u00f8skendepar, der bor sammen, og hvor pengene fra deres arv er sluppet op. S\u00e5 nu har de brug for hj\u00e6lp. Men det er ikke s\u00e5 nemt at give dem den hj\u00e6lp.<\/p><\/div>\n\t\t\t\t<\/div>\n\t\t\t\t<\/div>\n\t\t\t\t<div class=\"elementor-element elementor-element-7feccd7 elementor-widget elementor-widget-text-editor\" data-id=\"7feccd7\" data-element_type=\"widget\" data-widget_type=\"text-editor.default\">\n\t\t\t\t<div class=\"elementor-widget-container\">\n\t\t\t\t\t<div class=\"elementor-text-editor elementor-clearfix\"><\/div>\n\t\t\t\t<\/div>\n\t\t\t\t<\/div>\n\t\t\t\t\t\t<\/div>\n\t\t\t\t\t<\/div>\n\t\t<\/div>\n\t\t\t\t\t\t\t\t<\/div>\n\t\t\t\t\t<\/div>\n\t\t<\/section>\n\t\t\t\t<section class=\"elementor-section elementor-top-section elementor-element elementor-element-75f071b elementor-section-boxed elementor-section-height-default elementor-section-height-default\" data-id=\"75f071b\" data-element_type=\"section\">\n\t\t\t\t\t\t<div class=\"elementor-container elementor-column-gap-default\">\n\t\t\t\t\t\t\t<div class=\"elementor-row\">\n\t\t\t\t\t<div class=\"elementor-column elementor-col-100 elementor-top-column elementor-element elementor-element-0a9a244\" data-id=\"0a9a244\" data-element_type=\"column\">\n\t\t\t<div class=\"elementor-column-wrap elementor-element-populated\">\n\t\t\t\t\t\t\t<div class=\"elementor-widget-wrap\">\n\t\t\t\t\t\t<div class=\"elementor-element elementor-element-37ca6c9 elementor-widget elementor-widget-html\" data-id=\"37ca6c9\" data-element_type=\"widget\" data-widget_type=\"html.default\">\n\t\t\t\t<div class=\"elementor-widget-container\">\n\t\t\t<a class=\"spreaker-player\" href=\"https:\/\/www.spreaker.com\/episode\/42593987\" data-resource=\"episode_id=42593987\" data-width=\"100%\" data-height=\"200px\" data-theme=\"light\" data-playlist=\"false\" data-playlist-continuous=\"false\" data-autoplay=\"false\" data-live-autoplay=\"false\" data-chapters-image=\"true\" data-episode-image-position=\"right\" data-hide-logo=\"false\" data-hide-likes=\"false\" data-hide-comments=\"false\" data-hide-sharing=\"false\" data-hide-download=\"true\">Listen to \"Fors\u00f8get p\u00e5 L\u00e6rkevej 3. Manden i skoven\" on Spreaker.<\/a>\n<script async src=\"https:\/\/widget.spreaker.com\/widgets.js\"><\/script>\nNogle gange m\u00f8der man i kontanthj\u00e6lpssystemet mennesker, der n\u00e6sten ikke kan v\u00e6re med i samfundet. Mennesker, der af forskellige grunde allerhelst vil stemple helt ud, men som alligevel f\u00e5r brug for hj\u00e6lp. Hvordan hj\u00e6lper man en, der har det s\u00e5dan? En der har brug for hj\u00e6lp, men som egentlig bare gerne ville v\u00e6re i fred. M\u00e5ske sammen med sine hunde, et sted ude i skoven. Hvad skal der til for at rejse de ressourcer, der er i systemet? S\u00e5dan at man kan hj\u00e6lpe s\u00e5dan et menneske?\t\t<\/div>\n\t\t\t\t<\/div>\n\t\t\t\t\t\t<\/div>\n\t\t\t\t\t<\/div>\n\t\t<\/div>\n\t\t\t\t\t\t\t\t<\/div>\n\t\t\t\t\t<\/div>\n\t\t<\/section>\n\t\t\t\t<section class=\"elementor-section elementor-top-section elementor-element elementor-element-b087771 elementor-section-boxed elementor-section-height-default elementor-section-height-default\" data-id=\"b087771\" data-element_type=\"section\">\n\t\t\t\t\t\t<div class=\"elementor-container elementor-column-gap-default\">\n\t\t\t\t\t\t\t<div class=\"elementor-row\">\n\t\t\t\t\t<div class=\"elementor-column elementor-col-100 elementor-top-column elementor-element elementor-element-209a114\" data-id=\"209a114\" data-element_type=\"column\">\n\t\t\t<div class=\"elementor-column-wrap elementor-element-populated\">\n\t\t\t\t\t\t\t<div class=\"elementor-widget-wrap\">\n\t\t\t\t\t\t<div class=\"elementor-element elementor-element-e9c9d0f elementor-widget elementor-widget-html\" data-id=\"e9c9d0f\" data-element_type=\"widget\" data-widget_type=\"html.default\">\n\t\t\t\t<div class=\"elementor-widget-container\">\n\t\t\t<a class=\"spreaker-player\" href=\"https:\/\/www.spreaker.com\/episode\/42594191\" data-resource=\"episode_id=42594191\" data-width=\"100%\" data-height=\"200px\" data-theme=\"light\" data-playlist=\"false\" data-playlist-continuous=\"false\" data-autoplay=\"false\" data-live-autoplay=\"false\" data-chapters-image=\"true\" data-episode-image-position=\"right\" data-hide-logo=\"false\" data-hide-likes=\"false\" data-hide-comments=\"false\" data-hide-sharing=\"false\" data-hide-download=\"true\">Listen to \"Fors\u00f8get p\u00e5 L\u00e6rkevej 4. Fangevogternes opr\u00f8r\" on Spreaker.<\/a>\n<script async src=\"https:\/\/widget.spreaker.com\/widgets.js\"><\/script>\nHvordan er det at v\u00e6re sagsbehandler i et maskinelt bureaukratisk system, hvor borgerne protesterer h\u00f8jlydt over den praksis de m\u00f8der Hvor sagsbehandlerne nogle gange bliver sammenlignet med fangevogtere? Hvordan reagerer sagsbehandlerne, n\u00e5r de bliver sat i arbejdsforhold med ansvar for mere end 200 udsatte borgere hver? Begynder fangevogterne at protestere?\t\t<\/div>\n\t\t\t\t<\/div>\n\t\t\t\t<div class=\"elementor-element elementor-element-7c13eb8 elementor-widget elementor-widget-text-editor\" data-id=\"7c13eb8\" data-element_type=\"widget\" data-widget_type=\"text-editor.default\">\n\t\t\t\t<div class=\"elementor-widget-container\">\n\t\t\t\t\t<div class=\"elementor-text-editor elementor-clearfix\"><\/div>\n\t\t\t\t<\/div>\n\t\t\t\t<\/div>\n\t\t\t\t\t\t<\/div>\n\t\t\t\t\t<\/div>\n\t\t<\/div>\n\t\t\t\t\t\t\t\t<\/div>\n\t\t\t\t\t<\/div>\n\t\t<\/section>\n\t\t\t\t<section class=\"elementor-section elementor-top-section elementor-element elementor-element-77f64eb elementor-section-boxed elementor-section-height-default elementor-section-height-default\" data-id=\"77f64eb\" data-element_type=\"section\">\n\t\t\t\t\t\t<div class=\"elementor-container elementor-column-gap-default\">\n\t\t\t\t\t\t\t<div class=\"elementor-row\">\n\t\t\t\t\t<div class=\"elementor-column elementor-col-100 elementor-top-column elementor-element elementor-element-b074897\" data-id=\"b074897\" data-element_type=\"column\">\n\t\t\t<div class=\"elementor-column-wrap elementor-element-populated\">\n\t\t\t\t\t\t\t<div class=\"elementor-widget-wrap\">\n\t\t\t\t\t\t<div class=\"elementor-element elementor-element-2cca87d elementor-widget elementor-widget-html\" data-id=\"2cca87d\" data-element_type=\"widget\" data-widget_type=\"html.default\">\n\t\t\t\t<div class=\"elementor-widget-container\">\n\t\t\t<a class=\"spreaker-player\" href=\"https:\/\/www.spreaker.com\/episode\/42594314\" data-resource=\"episode_id=42594314\" data-width=\"100%\" data-height=\"200px\" data-theme=\"light\" data-playlist=\"false\" data-playlist-continuous=\"false\" data-autoplay=\"false\" data-live-autoplay=\"false\" data-chapters-image=\"true\" data-episode-image-position=\"right\" data-hide-logo=\"false\" data-hide-likes=\"false\" data-hide-comments=\"false\" data-hide-sharing=\"false\" data-hide-download=\"true\">Listen to \"Fors\u00f8get p\u00e5 L\u00e6rkevej 5. Faglige forvandlinger\" on Spreaker.<\/a>\n<script async src=\"https:\/\/widget.spreaker.com\/widgets.js\"><\/script>\nIgennem fors\u00f8gsperioden i jobcentret p\u00e5 L\u00e6rkevej i K\u00f8benhavn gennemg\u00e5r medarbejderne faglige forvandlinger. Det er de n\u00f8dt til. For i fors\u00f8gsafdelingen sidder de pludselig med ansvar for kun 50 borgere, mens de tidligere havde ansvar for mere end 200. I denne episode ser afdelingslederen i fors\u00f8gsafdelingen p\u00e5 L\u00e6rkevej, tilbage. Tilbage p\u00e5 forholdene p\u00e5 L\u00e6rkevej f\u00f8r fors\u00f8gsafdelingen, og tilbage p\u00e5 den proces hun og medarbejderne i afdelingen har v\u00e6ret igennem i 2018 og 2019, hvor fors\u00f8get k\u00f8rer. Det handler bl.a. om helt andre faglige forventninger, som medarbejderne m\u00f8des med.\t\t<\/div>\n\t\t\t\t<\/div>\n\t\t\t\t\t\t<\/div>\n\t\t\t\t\t<\/div>\n\t\t<\/div>\n\t\t\t\t\t\t\t\t<\/div>\n\t\t\t\t\t<\/div>\n\t\t<\/section>\n\t\t\t\t<section class=\"elementor-section elementor-top-section elementor-element elementor-element-029c673 elementor-section-boxed elementor-section-height-default elementor-section-height-default\" data-id=\"029c673\" data-element_type=\"section\">\n\t\t\t\t\t\t<div class=\"elementor-container elementor-column-gap-default\">\n\t\t\t\t\t\t\t<div class=\"elementor-row\">\n\t\t\t\t\t<div class=\"elementor-column elementor-col-100 elementor-top-column elementor-element elementor-element-87400f5\" data-id=\"87400f5\" data-element_type=\"column\">\n\t\t\t<div class=\"elementor-column-wrap elementor-element-populated\">\n\t\t\t\t\t\t\t<div class=\"elementor-widget-wrap\">\n\t\t\t\t\t\t<div class=\"elementor-element elementor-element-b8d5dc7 elementor-widget elementor-widget-html\" data-id=\"b8d5dc7\" data-element_type=\"widget\" data-widget_type=\"html.default\">\n\t\t\t\t<div class=\"elementor-widget-container\">\n\t\t\t<a class=\"spreaker-player\" href=\"https:\/\/www.spreaker.com\/episode\/44205062\" data-resource=\"episode_id=44205062\" data-width=\"100%\" data-height=\"200px\" data-theme=\"light\" data-playlist=\"false\" data-playlist-continuous=\"false\" data-autoplay=\"false\" data-live-autoplay=\"false\" data-chapters-image=\"true\" data-episode-image-position=\"right\" data-hide-logo=\"false\" data-hide-likes=\"false\" data-hide-comments=\"false\" data-hide-sharing=\"false\" data-hide-download=\"true\">Listen to \"Fors\u00f8get p\u00e5 L\u00e6rkevej 6. Ramt af en ulykke\" on Spreaker.<\/a>\n<script async src=\"https:\/\/widget.spreaker.com\/widgets.js\"><\/script>\nVi kan alle sammen blive ramt af en ulykke, der kan have betydning for vores liv, f\u00f8rlighed og arbejde. Selvom de fleste kommer sig relativt hurtigt, er der alligevel rigtig mange, der plages af smerter og senf\u00f8lger i \u00e5revis. I denne episode fort\u00e6ller Isabell om yngre kvinder, der p\u00e5 grund af banale ulykker har mistet forbindelsen til arbejdsmarkedet, og er endt i en situation med kontanthj\u00e6lp. Hvordan bliver de hjulpet i jobcentret p\u00e5 L\u00e6rkevej?\t\t<\/div>\n\t\t\t\t<\/div>\n\t\t\t\t\t\t<\/div>\n\t\t\t\t\t<\/div>\n\t\t<\/div>\n\t\t\t\t\t\t\t\t<\/div>\n\t\t\t\t\t<\/div>\n\t\t<\/section>\n\t\t\t\t\t\t<\/div>\n\t\t\t\t\t\t<\/div>\n\t\t\t\t\t<\/div>\n\t\t","protected":false},"excerpt":{"rendered":"<p>Fors\u00f8get p\u00e5 L\u00e6rkevej &#8211; Nu er der seks episoder H\u00f8r med her eller find episoderne p\u00e5 Apple Podcast, Spotify eller de fleste g\u00e6ngse podcast-apps. \u00a0 Demonstrationer udenfor S\u00f8skendeparret Manden i skoven Fangevogternes opr\u00f8r Faglige forvandlinger Ramt af en ulykke (l\u00e6ngere nede p\u00e5 siden) Listen to &#8220;Fors\u00f8get p\u00e5 L\u00e6rkevej 1. Demonstrationer udenfor&#8221; on Spreaker. I sommeren &hellip;<\/p>\n<p class=\"read-more\"> <a class=\"\" href=\"https:\/\/mikkelbom.dk\/?page_id=64\"> <span class=\"screen-reader-text\">Podcast<\/span> L\u00e6s mere &raquo;<\/a><\/p>\n","protected":false},"author":1,"featured_media":0,"parent":0,"menu_order":0,"comment_status":"closed","ping_status":"closed","template":"","meta":{"footnotes":""},"class_list":["post-64","page","type-page","status-publish","hentry"],"_links":{"self":[{"href":"https:\/\/mikkelbom.dk\/index.php?rest_route=\/wp\/v2\/pages\/64"}],"collection":[{"href":"https:\/\/mikkelbom.dk\/index.php?rest_route=\/wp\/v2\/pages"}],"about":[{"href":"https:\/\/mikkelbom.dk\/index.php?rest_route=\/wp\/v2\/types\/page"}],"author":[{"embeddable":true,"href":"https:\/\/mikkelbom.dk\/index.php?rest_route=\/wp\/v2\/users\/1"}],"replies":[{"embeddable":true,"href":"https:\/\/mikkelbom.dk\/index.php?rest_route=%2Fwp%2Fv2%2Fcomments&post=64"}],"version-history":[{"count":98,"href":"https:\/\/mikkelbom.dk\/index.php?rest_route=\/wp\/v2\/pages\/64\/revisions"}],"predecessor-version":[{"id":320,"href":"https:\/\/mikkelbom.dk\/index.php?rest_route=\/wp\/v2\/pages\/64\/revisions\/320"}],"wp:attachment":[{"href":"https:\/\/mikkelbom.dk\/index.php?rest_route=%2Fwp%2Fv2%2Fmedia&parent=64"}],"curies":[{"name":"wp","href":"https:\/\/api.w.org\/{rel}","templated":true}]}}